{"id":726,"date":"2022-04-05T19:52:56","date_gmt":"2022-04-05T19:52:56","guid":{"rendered":"http:\/\/rajdfestiwalowy.pl\/?page_id=726"},"modified":"2022-05-01T23:19:58","modified_gmt":"2022-05-01T21:19:58","slug":"tablica-ogloszen-skjs","status":"publish","type":"page","link":"https:\/\/rajdfestiwalowy.pl\/index.php\/tablica-ogloszen-skjs\/","title":{"rendered":"Tablica Og\u0142osze\u0144 SKJS"},"content":{"rendered":"\n<p>Aby korzysta\u0107 z Tablicy Og\u0142osze\u0144 53 Rajdu Festiwalowego &#8211; SKJS pobierz aplikacj\u0119 Sportity i wprowad\u017a has\u0142o: <strong>53RFSKJS<\/strong>. Aplikacja jest dost\u0119pna Google Play i App Store<\/p>\n\n\n\n<iframe src=\"https:\/\/webapp.sportity.com\/channel\/53RFSKJS\" loading=\"lazy\" width=\"100%\" height=\"956px\" frameborder=\"0\"><\/iframe>\n","protected":false},"excerpt":{"rendered":"<p>Aby korzysta\u0107 z Tablicy Og\u0142osze\u0144 53 Rajdu Festiwalowego &#8211; SKJS pobierz aplikacj\u0119 Sportity i wprowad\u017a has\u0142o: 53RFSKJS. Aplikacja jest dost\u0119pna Google Play i App Store<\/p>\n","protected":false},"author":1,"featured_media":0,"parent":0,"menu_order":0,"comment_status":"closed","ping_status":"closed","template":"","meta":[],"_links":{"self":[{"href":"https:\/\/rajdfestiwalowy.pl\/index.php\/wp-json\/wp\/v2\/pages\/726"}],"collection":[{"href":"https:\/\/rajdfestiwalowy.pl\/index.php\/wp-json\/wp\/v2\/pages"}],"about":[{"href":"https:\/\/rajdfestiwalowy.pl\/index.php\/wp-json\/wp\/v2\/types\/page"}],"author":[{"embeddable":true,"href":"https:\/\/rajdfestiwalowy.pl\/index.php\/wp-json\/wp\/v2\/users\/1"}],"replies":[{"embeddable":true,"href":"https:\/\/rajdfestiwalowy.pl\/index.php\/wp-json\/wp\/v2\/comments?post=726"}],"version-history":[{"count":10,"href":"https:\/\/rajdfestiwalowy.pl\/index.php\/wp-json\/wp\/v2\/pages\/726\/revisions"}],"predecessor-version":[{"id":930,"href":"https:\/\/rajdfestiwalowy.pl\/index.php\/wp-json\/wp\/v2\/pages\/726\/revisions\/930"}],"wp:attachment":[{"href":"https:\/\/rajdfestiwalowy.pl\/index.php\/wp-json\/wp\/v2\/media?parent=726"}],"curies":[{"name":"wp","href":"https:\/\/api.w.org\/{rel}","templated":true}]}}