{"id":337,"date":"2021-05-12T18:15:26","date_gmt":"2021-05-12T18:15:26","guid":{"rendered":"http:\/\/automobix.cluster015.ovh.net\/rf\/?page_id=337"},"modified":"2022-05-01T19:57:01","modified_gmt":"2022-05-01T17:57:01","slug":"media","status":"publish","type":"page","link":"https:\/\/rajdfestiwalowy.pl\/index.php\/media\/","title":{"rendered":"Media"},"content":{"rendered":"\n<div class=\"is-layout-flow wp-block-group\"><div class=\"wp-block-group__inner-container\">\n<div class=\"is-layout-flex wp-container-2 wp-block-columns\">\n<div class=\"is-layout-flow wp-block-column\" style=\"flex-basis:100%\">\n<div class=\"wp-block-themeisle-blocks-advanced-columns has-1-columns has-desktop-equal-layout has-tablet-equal-layout has-mobile-equal-layout has-default-gap has-vertical-unset\" id=\"wp-block-themeisle-blocks-advanced-columns-568b8fa7\"><div class=\"wp-block-themeisle-blocks-advanced-columns-overlay\"><\/div><div class=\"innerblocks-wrap\">\n<div class=\"wp-block-themeisle-blocks-advanced-column\" id=\"wp-block-themeisle-blocks-advanced-column-b30e1b1b\">\n<p><strong><u>REGULAMIN PRZYZNAWANIA AKREDYTACJI DLA PRASY, RADIA, TELEWIZJI I&nbsp;MEDI\u00d3W INTERNETOWYCH PODCZAS 53. RAJDU FESTIWALOWEGO ORAZ ZASADY KORZYSTANIA Z&nbsp;AKREDYTACJI<\/u><\/strong><\/p>\n\n\n\n<p>Formularz akredytacji:&nbsp;<a href=\"https:\/\/rajdfestiwalowy.pl\/wp-content\/uploads\/2022\/05\/akredytacja-dla-mediow.pdf\" data-type=\"URL\">LINK<\/a> &#8211; formularz prosimy przes\u0142a\u0107 na adres: <a rel=\"noreferrer noopener\" href=\"mailto:autoopol@onet.pl\" target=\"_blank\">autoopol@onet.pl<\/a><\/p>\n\n\n\n<ol><li>Aby ubiega\u0107 si\u0119 o przyznanie akredytacji, nale\u017cy wype\u0142ni\u0107 elektroniczny arkusz wniosku akredytacyjnego znajduj\u0105cego si\u0119 na oficjalnej stronie rajdu w zak\u0142adce MEDIA w nieprzekraczalnym terminie do 23 maja 2022r. Po tym terminie formularz nie b\u0119dzie dost\u0119pny.<\/li><li>Aplikacje niekompletne nie b\u0119d\u0105 rozpatrywane.<\/li><li>Akredytacje udzielane s\u0105 bezp\u0142atnie, wy\u0142\u0105cznie profesjonalnym dziennikarzom, fotoreporterom oraz operatorom kamer, pracuj\u0105cym na zlecenie medi\u00f3w o publicznym dost\u0119pie, kt\u00f3re zamierzaj\u0105 relacjonowa\u0107 na swych \u0142amach 53. Rajd Festiwalowy.<\/li><li>Akredytacje przyznawane s\u0105 przedstawicielom medi\u00f3w jako ich narz\u0119dzie pracy i nie mog\u0105 by\u0107 przekazywane osobom trzecim ani te\u017c wykorzystywane do dzia\u0142a\u0144 reklamowych, promocyjnych oraz PR.<\/li><li>Akredytacje b\u0119d\u0105 przyznawane maksymalnie 2 przedstawicielom reprezentuj\u0105cym dan\u0105 redakcj\u0119, wydawnictwo, agencj\u0119 prasow\u0105, rozg\u0142o\u015bni\u0119 radiow\u0105 lub portal internetowy.<\/li><li>Dziennikarze oraz fotoreporterzy niezale\u017cni mog\u0105 uzyska\u0107 akredytacj\u0119 pod warunkiem udokumentowania wcze\u015bniejszych publikacji artyku\u0142\u00f3w, zdj\u0119\u0107, materia\u0142\u00f3w telewizyjnych. Wykazanie si\u0119 publikacjami nie jest r\u00f3wnoznaczne z przydzia\u0142em akredytacji MEDIA\/FOTO\/TV. Stanowi jedynie podstaw\u0119 do rozpatrywania wniosku.<\/li><li>Z\u0142o\u017cenie wniosku akredytacyjnego nie jest r\u00f3wnoznaczne z przyznaniem kamizelki MEDIA\/FOTO\/TV. Ilo\u015b\u0107 kamizelek jest ograniczona ze wzgl\u0119d\u00f3w bezpiecze\u0144stwa. Organizator pozostawia sobie prawo do ustalenie ostatecznej listy akredytowanych fotoreporter\u00f3w.<\/li><li>Akredytacje nie b\u0119d\u0105 przyznawane przedstawicielom sponsor\u00f3w, zespo\u0142\u00f3w oraz zawodnik\u00f3w.<\/li><li>Decyzja o przyznaniu akredytacji zostanie wys\u0142ana na adres poczty e-mail podmiotu ubiegaj\u0105cego si\u0119 akredytacj\u0119 podany we wniosku aplikacyjnym.<\/li><li>Organizator 53. Rajdu Festiwalowego zastrzega sobie prawo do nie przyznawania akredytacji bez podania przyczyny.<\/li><li>Organizator Rajdu Festiwalowego zastrzega sobie prawo do nie przyznawania akredytacji osobom, kt\u00f3re w\u00a0latach poprzednich pisemnie deklarowa\u0142y publikacj\u0119 w mediach materia\u0142\u00f3w z imprez organizowanych przez Automobilklub Opolski, a nie wywi\u0105za\u0142y si\u0119 z deklaracji.<\/li><li>Wniosek akredytacyjny dost\u0119pny jest pod linkiem. Uprasza si\u0119 o wype\u0142nienie wniosku i zeskanowane oraz przes\u0142anie na adres elektroniczny biura prasowego. Orygina\u0142 akredytacji potwierdzony przez redakcj\u0119 musi dotrze\u0107 do Organizatora do czasu odbioru akredytacji (biuro prasowe czynne jest: 28.05.2022r. od godz. 07.00 do 22.00 oraz 29.05.2022r. od godz.7.00 do 21.00). Wniosek akredytacyjny mo\u017cna wys\u0142a\u0107 na adres: Automobilklub Opolski, ul. Wroc\u0142awska 102, 45-837 Opole, z\u00a0dopiskiem \u201eAkredytacja Rajd Festiwalowy\u201d, lub z\u0142o\u017cy\u0107 osobi\u015bcie przy odbiorze akredytacji wraz z\u00a0w\u0142asn\u0105 legitymacj\u0105 prasow\u0105. Brak tych dokument\u00f3w b\u0119dzie skutkowa\u0142 nie wydaniem akredytacji.<\/li><li>Z\u0142o\u017cenie akredytacji na 53. Rajd Festiwalowy jest jednoznaczne z wyra\u017ceniem przez redakcj\u0119 i jej przedstawicieli zgody na przetwarzanie danych osobowych zwi\u0105zanych z organizacj\u0105 ww. zawod\u00f3w i pe\u0142nieniem funkcji \u201emedia\u201d podczas rajdu. Redaktor\/ fotoreporter ma prawo dost\u0119pu do swoich danych osobowych, ich poprawiania oraz na \u017c\u0105dania zaprzestania przetwarzania swoich danych. \u017b\u0105danie zaprzestania przetwarzania swoich danych osobowych jest jednoznaczne z rezygnacj\u0105 z udzia\u0142u, jako akredytowany dziennikarz w 53. Rajdu Festiwalowego.<\/li><li>Przyznana akredytacja MEDIA oraz TV\/FOTO w trakcie zawod\u00f3w powinna zosta\u0107 umieszczona w\u00a0widocznym miejscu (zgodnie z przeznaczeniem), a kamizelk\u0119 TV\/FOTO w czasie wykonywania pracy nale\u017cy ubiera\u0107 na odzie\u017c wierzchni\u0105 i nie powinno si\u0119 jej zas\u0142ania\u0107 np. plecakami czy te\u017c inn\u0105 odzie\u017c\u0105.<\/li><li>W przypadku naruszenia postanowie\u0144 niniejszego regulaminu organizator rajdu ma prawo cofn\u0105\u0107 akredytacj\u0119. Akredytacje b\u0119d\u0105ce w posiadaniu os\u00f3b trzecich, nieupowa\u017cnionych uwa\u017ca si\u0119 za niewa\u017cne i podlegaj\u0105ce prawu konfiskaty.<\/li><li>Maj\u0105c na uwadze wzgl\u0119dy bezpiecze\u0144stwa podczas trwania rajdu, organizator zastrzega sobie prawo do odebrania akredytacji osobom, kt\u00f3re naruszaj\u0105 przepisy bezpiecze\u0144stwa lub nie dostosowuj\u0105 si\u0119 do polece\u0144 s\u0142u\u017cb zabezpieczaj\u0105cych zawody.<\/li><li>Organizator 53. Rajdu Festiwalowego zobowi\u0105zuje osoby, kt\u00f3rym przyznane zostan\u0105 akredytacje do stosowania w\u00a0publikacjach poprawnych nazw i okre\u015ble\u0144 dla rajdu:                                                 <strong>W\u0142a\u015bciciel cyklu Rajdy Okr\u0119gowe: \u00a0\u00a0\u00a0\u00a0\u00a0 Polski Zwi\u0105zek Motorowy<br>Organizator: \u00a0\u00a0\u00a0\u00a0\u00a0\u00a0\u00a0\u00a0\u00a0\u00a0\u00a0\u00a0                            Automobilklub Opolski<br>Nazwa rajdu: \u00a0\u00a0\u00a0\u00a0\u00a0\u00a0\u00a0\u00a0\u00a0\u00a0\u00a0                            53. Rajd Festiwalowy<\/strong><\/li><\/ol>\n<\/div>\n<\/div><\/div>\n<\/div>\n<\/div>\n<\/div><\/div>\n\n\n\n<p><\/p>\n","protected":false},"excerpt":{"rendered":"","protected":false},"author":1,"featured_media":0,"parent":0,"menu_order":0,"comment_status":"closed","ping_status":"closed","template":"","meta":[],"_links":{"self":[{"href":"https:\/\/rajdfestiwalowy.pl\/index.php\/wp-json\/wp\/v2\/pages\/337"}],"collection":[{"href":"https:\/\/rajdfestiwalowy.pl\/index.php\/wp-json\/wp\/v2\/pages"}],"about":[{"href":"https:\/\/rajdfestiwalowy.pl\/index.php\/wp-json\/wp\/v2\/types\/page"}],"author":[{"embeddable":true,"href":"https:\/\/rajdfestiwalowy.pl\/index.php\/wp-json\/wp\/v2\/users\/1"}],"replies":[{"embeddable":true,"href":"https:\/\/rajdfestiwalowy.pl\/index.php\/wp-json\/wp\/v2\/comments?post=337"}],"version-history":[{"count":7,"href":"https:\/\/rajdfestiwalowy.pl\/index.php\/wp-json\/wp\/v2\/pages\/337\/revisions"}],"predecessor-version":[{"id":920,"href":"https:\/\/rajdfestiwalowy.pl\/index.php\/wp-json\/wp\/v2\/pages\/337\/revisions\/920"}],"wp:attachment":[{"href":"https:\/\/rajdfestiwalowy.pl\/index.php\/wp-json\/wp\/v2\/media?parent=337"}],"curies":[{"name":"wp","href":"https:\/\/api.w.org\/{rel}","templated":true}]}}