{"id":17,"date":"2021-05-08T22:16:44","date_gmt":"2021-05-08T22:16:44","guid":{"rendered":"http:\/\/automobix.cluster015.ovh.net\/rf\/?page_id=17"},"modified":"2022-05-11T23:16:10","modified_gmt":"2022-05-11T21:16:10","slug":"home","status":"publish","type":"page","link":"https:\/\/rajdfestiwalowy.pl\/","title":{"rendered":"28-29 maja 2022 r."},"content":{"rendered":"\n<div class=\"is-layout-flex wp-container-8 wp-block-columns container\">\n<div class=\"is-layout-flow wp-block-column\">\n<div class=\"is-layout-flow wp-block-group\"><div class=\"wp-block-group__inner-container\">\n<p class=\"wp-block-themeisle-blocks-font-awesome-icons\" id=\"wp-block-themeisle-blocks-font-awesome-icons-d50f80ba\"><span class=\"wp-block-themeisle-blocks-font-awesome-icons-container\"><i class=\"far fa-calendar-alt\"><\/i><\/span><\/p>\n\n\n\n<p class=\"has-text-align-center\">28-29 maja<\/p>\n\n\n\n<p class=\"has-text-align-center\"> 2022r.<\/p>\n<\/div><\/div>\n<\/div>\n\n\n\n<div class=\"is-layout-flow wp-block-column\">\n<p class=\"wp-block-themeisle-blocks-font-awesome-icons\" id=\"wp-block-themeisle-blocks-font-awesome-icons-e6e3a35c\"><span class=\"wp-block-themeisle-blocks-font-awesome-icons-container\"><i class=\"fas fa-trophy\"><\/i><\/span><\/p>\n\n\n\n<p class=\"has-text-align-center\">Rajd Okr\u0119gowy<\/p>\n\n\n\n<p class=\"has-text-align-center\">Super KJS<\/p>\n<\/div>\n\n\n\n<div class=\"is-layout-flow wp-block-column\">\n<p class=\"wp-block-themeisle-blocks-font-awesome-icons\" id=\"wp-block-themeisle-blocks-font-awesome-icons-853cdb10\"><span class=\"wp-block-themeisle-blocks-font-awesome-icons-container\"><i class=\"fas fa-map-marked-alt\"><\/i><\/span><\/p>\n\n\n\n<p class=\"has-text-align-center\">Okolice <\/p>\n\n\n\n<p class=\"has-text-align-center\">Strzelec Opolskich<\/p>\n<\/div>\n\n\n\n<div class=\"is-layout-flow wp-block-column\">\n<div class=\"is-layout-flow wp-block-group\"><div class=\"wp-block-group__inner-container\">\n<p class=\"wp-block-themeisle-blocks-font-awesome-icons\" id=\"wp-block-themeisle-blocks-font-awesome-icons-3fc4bde4\"><span class=\"wp-block-themeisle-blocks-font-awesome-icons-container\"><i class=\"fas fa-route\"><\/i><\/span><\/p>\n\n\n\n<p class=\"has-text-align-center\">50 km<\/p>\n\n\n\n<p class=\"has-text-align-center\"> Oesowych<\/p>\n<\/div><\/div>\n<\/div>\n\n\n\n<div class=\"is-layout-flow wp-block-column\">\n<p class=\"wp-block-themeisle-blocks-font-awesome-icons\" id=\"wp-block-themeisle-blocks-font-awesome-icons-820c729f\"><span class=\"wp-block-themeisle-blocks-font-awesome-icons-container\"><i class=\"fas fa-list-ol\"><\/i><\/span><\/p>\n\n\n\n<p class=\"has-text-align-center\">Pojemno\u015b\u0107 trasy<\/p>\n\n\n\n<p class=\"has-text-align-center\">120 za\u0142\u00f3g<\/p>\n<\/div>\n<\/div>\n\n\n\n<div class=\"is-layout-flow wp-block-group\"><div class=\"wp-block-group__inner-container\">\n<div class=\"is-layout-flow wp-block-group\"><div class=\"wp-block-group__inner-container\">\n<a class=\"weatherwidget-io\" href=\"https:\/\/forecast7.com\/pl\/50d5118d30\/strzelce-opolskie\/\" data-label_1=\"STRZELCE OPOLSKIE\" data-label_2=\"Prognoza pogody\" data-icons=\"Climacons Animated\" data-theme=\"gray\">STRZELCE OPOLSKIE Prognoza pogody<\/a>\n<script>\n!function(d,s,id){var js,fjs=d.getElementsByTagName(s)[0];if(!d.getElementById(id)){js=d.createElement(s);js.id=id;js.src='https:\/\/weatherwidget.io\/js\/widget.min.js';fjs.parentNode.insertBefore(js,fjs);}}(document,'script','weatherwidget-io-js');\n<\/script>\n<\/div><\/div>\n<\/div><\/div>\n","protected":false},"excerpt":{"rendered":"<p>28-29 maja 2022r. Rajd Okr\u0119gowy Super KJS Okolice Strzelec Opolskich 50 km Oesowych Pojemno\u015b\u0107 trasy 120 za\u0142\u00f3g STRZELCE OPOLSKIE Prognoza pogody<\/p>\n","protected":false},"author":1,"featured_media":290,"parent":0,"menu_order":0,"comment_status":"closed","ping_status":"closed","template":"","meta":[],"_links":{"self":[{"href":"https:\/\/rajdfestiwalowy.pl\/index.php\/wp-json\/wp\/v2\/pages\/17"}],"collection":[{"href":"https:\/\/rajdfestiwalowy.pl\/index.php\/wp-json\/wp\/v2\/pages"}],"about":[{"href":"https:\/\/rajdfestiwalowy.pl\/index.php\/wp-json\/wp\/v2\/types\/page"}],"author":[{"embeddable":true,"href":"https:\/\/rajdfestiwalowy.pl\/index.php\/wp-json\/wp\/v2\/users\/1"}],"replies":[{"embeddable":true,"href":"https:\/\/rajdfestiwalowy.pl\/index.php\/wp-json\/wp\/v2\/comments?post=17"}],"version-history":[{"count":41,"href":"https:\/\/rajdfestiwalowy.pl\/index.php\/wp-json\/wp\/v2\/pages\/17\/revisions"}],"predecessor-version":[{"id":1019,"href":"https:\/\/rajdfestiwalowy.pl\/index.php\/wp-json\/wp\/v2\/pages\/17\/revisions\/1019"}],"wp:featuredmedia":[{"embeddable":true,"href":"https:\/\/rajdfestiwalowy.pl\/index.php\/wp-json\/wp\/v2\/media\/290"}],"wp:attachment":[{"href":"https:\/\/rajdfestiwalowy.pl\/index.php\/wp-json\/wp\/v2\/media?parent=17"}],"curies":[{"name":"wp","href":"https:\/\/api.w.org\/{rel}","templated":true}]}}