{"id":144,"date":"2021-05-09T21:57:56","date_gmt":"2021-05-09T21:57:56","guid":{"rendered":"http:\/\/automobix.cluster015.ovh.net\/rf\/?page_id=144"},"modified":"2022-05-28T12:58:52","modified_gmt":"2022-05-28T10:58:52","slug":"dokumenty","status":"publish","type":"page","link":"https:\/\/rajdfestiwalowy.pl\/index.php\/dokumenty\/","title":{"rendered":"Dokumenty"},"content":{"rendered":"\n<div class=\"wp-block-file\"><a id=\"wp-block-file--media-2fa138a7-9e5c-4324-a1ce-9ee1034615ad\" href=\"https:\/\/rajdfestiwalowy.pl\/wp-content\/uploads\/2022\/04\/regulamin-53-rf-ro.pdf\" target=\"_blank\" rel=\"noreferrer noopener\">Regulamin Uzupe\u0142niaj\u0105cy 53 Rajdu Festiwalowego &#8211; RO<\/a><\/div>\n\n\n\n<div class=\"wp-block-file\"><a id=\"wp-block-file--media-2cafb348-09ef-4279-a8f3-69bb60ec13dd\" href=\"https:\/\/rajdfestiwalowy.pl\/wp-content\/uploads\/2022\/04\/regulamin-53-rf-skjs.pdf\" target=\"_blank\" rel=\"noreferrer noopener\">Regulamin Uzupe\u0142niaj\u0105cy 53 Rajdu Festiwalowego &#8211; SKJS<\/a><\/div>\n\n\n\n<div class=\"wp-block-file\"><a id=\"wp-block-file--media-dd7db35f-78aa-447a-a6cf-71607a8cd4c8\" href=\"https:\/\/rajdfestiwalowy.pl\/wp-content\/uploads\/2022\/04\/regulamin-rsmsl-2022.pdf\" target=\"_blank\" rel=\"noreferrer noopener\">Regulamin Ramowy Rajdowych Samochodowych Mistrzostw \u015al\u0105ska 2022<\/a><\/div>\n\n\n\n<div class=\"wp-block-file\"><a id=\"wp-block-file--media-790b43b1-eccb-4901-9197-f0e1577c4f3c\" href=\"https:\/\/rajdfestiwalowy.pl\/wp-content\/uploads\/2022\/04\/regulamin_rspsl_2022_wersja_robocza_bu_do_2022.02.pdf\" target=\"_blank\" rel=\"noreferrer noopener\">Regulamin Ramowy Samochodowego Pucharu \u015al\u0105ska 2022<\/a><\/div>\n\n\n\n<div class=\"wp-block-file\"><a id=\"wp-block-file--media-dcf890c5-9c8b-47b8-863d-7b7b06a44854\" href=\"https:\/\/rajdfestiwalowy.pl\/wp-content\/uploads\/2022\/04\/przepisy-szczegolowe-grupy-rn-pzm-2022-0.pdf\" target=\"_blank\" rel=\"noreferrer noopener\">Przepisy szczeg\u00f3\u0142owe RallyN 2022<\/a><\/div>\n\n\n\n<div class=\"wp-block-file\"><a id=\"wp-block-file--media-deed60d6-46f0-42a5-ab0f-24b16627f250\" href=\"https:\/\/rajdfestiwalowy.pl\/wp-content\/uploads\/2022\/04\/karta-bezpieczenstwa-osobistego-2022.pdf\" target=\"_blank\" rel=\"noreferrer noopener\">Karta wyposa\u017cenia osobistego<\/a><\/div>\n\n\n\n<div class=\"wp-block-file\"><a id=\"wp-block-file--media-8f09650e-8693-498e-8179-1338c378c799\" href=\"https:\/\/rajdfestiwalowy.pl\/wp-content\/uploads\/2022\/04\/03_ro_2022_wersja_na_dzien_2022.03.21.pdf\" target=\"_blank\" rel=\"noreferrer noopener\">Regulamin Ramowy Rajd\u00f3w Okr\u0119gowych 2022<\/a><\/div>\n\n\n\n<div class=\"wp-block-file\"><a id=\"wp-block-file--media-06eb730c-e081-4bb0-a10d-b89ba09151ca\" href=\"https:\/\/rajdfestiwalowy.pl\/wp-content\/uploads\/2022\/04\/01_ais_2022.02.07_final.pdf\" target=\"_blank\" rel=\"noreferrer noopener\">Regulamin Ramowy Amatorskich Imprez Samochodowych 2022<\/a><\/div>\n\n\n\n<div class=\"wp-block-file\"><a id=\"wp-block-file--media-85e841ab-f56d-411e-bc7f-77eec66b9117\" href=\"https:\/\/rajdfestiwalowy.pl\/wp-content\/uploads\/2021\/05\/procedura-bezpieczenstwa-pzm.pdf\" target=\"_blank\" rel=\"noreferrer noopener\">Procedura bezpiecze\u0144stwa<\/a><\/div>\n\n\n\n<p><a href=\"https:\/\/rajdfestiwalowy.pl\/wp-content\/uploads\/2022\/05\/uklad-miejsc-w-parku-serwisowym-scaled.jpg\" data-type=\"URL\" data-id=\"https:\/\/rajdfestiwalowy.pl\/wp-content\/uploads\/2022\/05\/uklad-miejsc-w-parku-serwisowym-scaled.jpg\">Schemat Parku Serwisowego<\/a><\/p>\n\n\n\n<p><a href=\"https:\/\/rajdfestiwalowy.pl\/wp-content\/uploads\/2022\/05\/odpowiedzialna-za-kontakty-3.pdf\">Odpowiedzialna za Kontakty z Zawodnikami<\/a><\/p>\n\n\n<p><em>W celu w\u0142a\u015bciwego uruchomienia powy\u017cszych formularzy nale\u017cy je pobra\u0107 i otworzy\u0107 korzystaj\u0105c z programu&nbsp;<a href=\"https:\/\/get.adobe.com\/pl\/reader\/\" target=\"_blank\" rel=\"noopener noreferrer\">Acrobat\u00ae Reader<\/a>.<\/em><\/p>\n\n\n<div class=\"is-layout-flow wp-block-group\"><div class=\"wp-block-group__inner-container\"><\/div><\/div>\n\n\n\n<p><\/p>\n","protected":false},"excerpt":{"rendered":"<p>Schemat Parku Serwisowego Odpowiedzialna za Kontakty z Zawodnikami W celu w\u0142a\u015bciwego uruchomienia powy\u017cszych formularzy nale\u017cy je pobra\u0107 i otworzy\u0107 korzystaj\u0105c z programu&nbsp;Acrobat\u00ae Reader.<\/p>\n","protected":false},"author":1,"featured_media":0,"parent":0,"menu_order":0,"comment_status":"closed","ping_status":"closed","template":"","meta":[],"_links":{"self":[{"href":"https:\/\/rajdfestiwalowy.pl\/index.php\/wp-json\/wp\/v2\/pages\/144"}],"collection":[{"href":"https:\/\/rajdfestiwalowy.pl\/index.php\/wp-json\/wp\/v2\/pages"}],"about":[{"href":"https:\/\/rajdfestiwalowy.pl\/index.php\/wp-json\/wp\/v2\/types\/page"}],"author":[{"embeddable":true,"href":"https:\/\/rajdfestiwalowy.pl\/index.php\/wp-json\/wp\/v2\/users\/1"}],"replies":[{"embeddable":true,"href":"https:\/\/rajdfestiwalowy.pl\/index.php\/wp-json\/wp\/v2\/comments?post=144"}],"version-history":[{"count":19,"href":"https:\/\/rajdfestiwalowy.pl\/index.php\/wp-json\/wp\/v2\/pages\/144\/revisions"}],"predecessor-version":[{"id":1079,"href":"https:\/\/rajdfestiwalowy.pl\/index.php\/wp-json\/wp\/v2\/pages\/144\/revisions\/1079"}],"wp:attachment":[{"href":"https:\/\/rajdfestiwalowy.pl\/index.php\/wp-json\/wp\/v2\/media?parent=144"}],"curies":[{"name":"wp","href":"https:\/\/api.w.org\/{rel}","templated":true}]}}